{"id":54,"date":"2017-07-10T10:00:01","date_gmt":"2017-07-10T10:00:01","guid":{"rendered":"https:\/\/serviciossociales.nerja.es\/?page_id=54"},"modified":"2017-07-10T10:00:52","modified_gmt":"2017-07-10T10:00:52","slug":"derechos-y-deberes","status":"publish","type":"page","link":"https:\/\/serviciossociales.nerja.es\/?page_id=54","title":{"rendered":"Derechos y Deberes"},"content":{"rendered":"<p>DECRECHOS:<\/p>\n<p>Las personas usuarias del Centro Municipal de Servicios Sociales, sin perjuicio de la legislaci\u00f3n vigente, tiene derecho a:<\/p>\n<ol>\n<li>Acceder a las prestaciones establecidas por el Centro y consideradas b\u00e1sicas, seg\u00fan los estados de necesidad y en funci\u00f3n de las baremaciones, requisitos y valoraciones t\u00e9cnicas que sean preceptivas.<\/li>\n<li>Ser informados y orientados sobre sus derechos y los recursos sociales existentes en el \u00e1mbito de los Servicios Sociales, as\u00ed como los requisitos t\u00e9cnicos de acceso a los mismos.<\/li>\n<li>Ser informados sobre el estado de tramitaci\u00f3n de su expediente, y obtener copia de los documentos contenidos en ellos.<\/li>\n<li>Ser informados puntualmente de las modificaciones que pudieran producirse en el r\u00e9gimen de la prestaci\u00f3n.<\/li>\n<li>Ser o\u00eddos por cuantas incidencias se observen en la prestaci\u00f3n del Servicio, as\u00ed como en la calidad del trato humano dispensado.<\/li>\n<li>Exigir las responsabilidades de las Administraciones P\u00fablicas y del personal a su servicio, cuando as\u00ed corresponda legalmente.<\/li>\n<li>Cualesquiera otros derivados de la intervenci\u00f3n social y que les reconozcan la Constituci\u00f3n y las Leyes.<\/li>\n<\/ol>\n<p>&nbsp;<\/p>\n<p>DEBERES:<\/p>\n<p>Las personas usuarias del Centro de Servicios Sociales tienen el deber de:<\/p>\n<ol>\n<li>Facilitar el ejercicio de las tareas de los\/as profesionales que atiendan en el Centro, as\u00ed como poner a su disposici\u00f3n los medios adecuados para el desarrollo de dichas tareas.<\/li>\n<li>Ser correctos\/as y cordiales en el trato con las personas que prestan el servicio, respetando sus funciones profesionales.<\/li>\n<li>Corresponsabilizarse en el coste de las prestaciones que lo exijan, en funci\u00f3n de su capacidad econ\u00f3mica y patrimonial.<\/li>\n<li>Informar de cualquier cambio que se produzca en su situaci\u00f3n personal, familiar, social y econ\u00f3mica.<\/li>\n<li>Informar verazmente al personal t\u00e9cnico del Centro de la situaci\u00f3n que les afecte.<\/li>\n<li>Utilizar adecuadamente las instalaciones, dependencias y servicios del Centro, cuidando el mobiliario, guardando las normas de convivencia y respeto mutuo dentro del mismo, respetando los horarios establecidos tanto para la atenci\u00f3n al p\u00fablico como para el desarrollo de actividades.<\/li>\n<li>Los usuarios estar\u00e1n obligados a tratar con deferencia y respeto dentro del Centro y en cualquier lugar relacionado con sus actividades o prestaciones.<\/li>\n<\/ol>\n","protected":false},"excerpt":{"rendered":"<p>DECRECHOS: Las personas usuarias del Centro Municipal de Servicios Sociales, sin perjuicio de la legislaci\u00f3n vigente, tiene derecho a: Acceder a las prestaciones establecidas por el Centro y consideradas b\u00e1sicas, seg\u00fan los estados de necesidad y en funci\u00f3n de las baremaciones, requisitos y valoraciones t\u00e9cnicas que sean preceptivas. Ser informados y orientados sobre sus derechos [&hellip;]<\/p>\n","protected":false},"author":1,"featured_media":0,"parent":0,"menu_order":0,"comment_status":"closed","ping_status":"closed","template":"","meta":{"footnotes":""},"class_list":["post-54","page","type-page","status-publish","hentry","no-thumb"],"_links":{"self":[{"href":"https:\/\/serviciossociales.nerja.es\/index.php?rest_route=\/wp\/v2\/pages\/54","targetHints":{"allow":["GET"]}}],"collection":[{"href":"https:\/\/serviciossociales.nerja.es\/index.php?rest_route=\/wp\/v2\/pages"}],"about":[{"href":"https:\/\/serviciossociales.nerja.es\/index.php?rest_route=\/wp\/v2\/types\/page"}],"author":[{"embeddable":true,"href":"https:\/\/serviciossociales.nerja.es\/index.php?rest_route=\/wp\/v2\/users\/1"}],"replies":[{"embeddable":true,"href":"https:\/\/serviciossociales.nerja.es\/index.php?rest_route=%2Fwp%2Fv2%2Fcomments&post=54"}],"version-history":[{"count":1,"href":"https:\/\/serviciossociales.nerja.es\/index.php?rest_route=\/wp\/v2\/pages\/54\/revisions"}],"predecessor-version":[{"id":55,"href":"https:\/\/serviciossociales.nerja.es\/index.php?rest_route=\/wp\/v2\/pages\/54\/revisions\/55"}],"wp:attachment":[{"href":"https:\/\/serviciossociales.nerja.es\/index.php?rest_route=%2Fwp%2Fv2%2Fmedia&parent=54"}],"curies":[{"name":"wp","href":"https:\/\/api.w.org\/{rel}","templated":true}]}}