{"id":47,"date":"2017-07-10T09:49:18","date_gmt":"2017-07-10T09:49:18","guid":{"rendered":"https:\/\/serviciossociales.nerja.es\/?page_id=47"},"modified":"2017-07-10T10:03:44","modified_gmt":"2017-07-10T10:03:44","slug":"prestaciones-basicas","status":"publish","type":"page","link":"https:\/\/serviciossociales.nerja.es\/?page_id=47","title":{"rendered":"Prestaciones b\u00e1sicas"},"content":{"rendered":"<h5>Informaci\u00f3n, Valoraci\u00f3n y Orientaci\u00f3n (SIVO)<\/h5>\n<p>Prestaci\u00f3n que incluye un conjunto de actividades para informar a los ciudadanos sobre sus derechos, los recursos existentes y los procedimientos o alternativas disponibles ante una situaci\u00f3n de necesidad social determinada. Una funci\u00f3n principal de esta prestaci\u00f3n es la de valorar la situaci\u00f3n problema que presenta la persona o familia objeto de atenci\u00f3n, realizando un diagn\u00f3stico que permitir\u00e1 la propuesta de medidas id\u00f3neas para la superaci\u00f3n del conflicto o situaci\u00f3n problema. Incluye las siguientes actuaciones:<\/p>\n<ul>\n<li>Registro y toma de datos (para la planificaci\u00f3n).<\/li>\n<li>Informaci\u00f3n.<\/li>\n<li>Valoraci\u00f3n.<\/li>\n<li>Orientaci\u00f3n y asesoramiento social.<\/li>\n<li>Tramitaci\u00f3n (pensiones, rentas m\u00ednimas de inserci\u00f3n, etc.).<\/li>\n<li>Derivaci\u00f3n.<\/li>\n<li>Integraci\u00f3n social (promover la integraci\u00f3n social).<\/li>\n<li>Investigaci\u00f3n (estudio de las necesidades).<\/li>\n<li>Coordinaci\u00f3n.<\/li>\n<\/ul>\n<h5>Servicio de Ayuda a Domicilio<\/h5>\n<p>Es el servicio p\u00fablico que presta ayuda en los domicilio de los individuos y familias que se encuentren en situaci\u00f3n de incapacidad o dependencia de forma temporal o permanente por motivos f\u00edsicos, ps\u00edquicos o sociales, siendo el objetivo realizar o colaborar en las tareas esenciales de la vida cotidiana, favoreciendo la permanencia en su entorno habitual y evitando internamientos innecesarios. Para solicitar la inclusi\u00f3n en el SAD Municipal habr\u00e1 que dirigirse a los SS.SS. Comunitarios y cumplimentar un modelo de solicitud, junto con la documentaci\u00f3n que se requiere, y entregarla en el registro del Ayuntamiento,tras lo cual, la Trabajadora Social encargada del Servicio se pondr\u00e1 en contacto, con el solicitante. Otra forma de acceder al SAD es a trav\u00e9s de los servicios y prestaciones derivados del Reconocimiento de Situaci\u00f3n de Dependencia.<\/p>\n<h5>Cooperaci\u00f3n Social<\/h5>\n<p>Prestaci\u00f3n que tiene como objetivo fomentar la solidaridad y la participaci\u00f3n de la comunidad, obteniendo as\u00ed un mayor rendimiento de los servicios anteriormente definidos. Se incluyen en esta categor\u00eda las actividades que se realicen, desde la Concejal\u00eda de Bienestar Social y desde los SS.SS. Comunitarios, para colaborar con actuaciones propuestas por asociaciones o grupos de iniciativa social.<\/p>\n<h5>Convivencia y Reinserci\u00f3n Social<\/h5>\n<p>Con esta prestaci\u00f3n se pretende lograr que las personas alcancen una situaci\u00f3n convivencial que favorezca su desarrollo personal y social, as\u00ed como engloba todas aquellas actuaciones dirigidas a facilitar la integraci\u00f3n social de los individuos, familias y grupos en los se detecten factores de riesgo de marginaci\u00f3n o exclusi\u00f3n social.<\/p>\n<h5>Prestaciones Econ\u00f3micas Complementarias<\/h5>\n<p>Prestaci\u00f3n que incluye las Ayudas econ\u00f3micas temporales a los colectivos m\u00e1s desfavorecidos y a aquellos que, en situaci\u00f3n justificada, lo requieran de manera preventiva o complementaria. Dentro de estas prestaciones destacan las Prestaciones Familiares y el Programa de Emergencia Social.<\/p>\n<h5>Ley de Dependencia<\/h5>\n<p>Los SS.SS. representan el enlace del ciudadano en situaci\u00f3n de dependencia y sus familiares con la Delegaci\u00f3n Provincial de Bienestar Social de M\u00e1laga, organismo que en \u00faltima instancia es el encargado de valorar las situaciones de dependencias y de aprobar las Propuestas de Atenci\u00f3n elaboradas por los SS.SS. As\u00ed pues, desde los SS.SS, se cumplimentar\u00e1n las solicitudes de valoraci\u00f3n y se les dar\u00e1 tr\u00e1mite, se efectuar\u00e1 la \u00a0Propuesta Individual de Atenci\u00f3n (PIA) y se informar\u00e1 al ciudadano de todo lo relacionado con su expediente y su estado de tramitaci\u00f3n.<\/p>\n<p>Para solicitar el Reconocimiento de Situaci\u00f3n de Dependencia habr\u00e1 que dirigirse a los SS.SS. mediante el sistema de cita previa.<\/p>\n<h5>Equipo de Tratamiento Familiar<\/h5>\n<p>Actualmente, los SS.SS. de Nerja cuentan con un recurso muy valorado como es el Equipo de Tratamiento Familiar. Este programa se dirige a familias con menores, en situaci\u00f3n de riesgo social o de dificultad social. La finalidad del servicio es la de preservar los derechos y promover el desarrollo integral de los menores en su medio familiar, mitigar los factores de riesgo para evitar la separaci\u00f3n del menor de su familia, lograr que la familia funcione de manera aut\u00f3noma y adecuada, y los hijos tengan una atenci\u00f3n y cuidados acordes a sus necesidades y capacitar a la familia para dar una correcta atenci\u00f3n a sus hijos evitando cualquier conducta negligente o maltratante, garantizando la seguridad y la integridad b\u00e1sica de los mismos. Para acceder al Equipo de Tratamiento Familiar es necesario ser derivado desde el SIVO.<\/p>\n","protected":false},"excerpt":{"rendered":"<p>Informaci\u00f3n, Valoraci\u00f3n y Orientaci\u00f3n (SIVO) Prestaci\u00f3n que incluye un conjunto de actividades para informar a los ciudadanos sobre sus derechos, los recursos existentes y los procedimientos o alternativas disponibles ante una situaci\u00f3n de necesidad social determinada. Una funci\u00f3n principal de esta prestaci\u00f3n es la de valorar la situaci\u00f3n problema que presenta la persona o familia [&hellip;]<\/p>\n","protected":false},"author":1,"featured_media":0,"parent":0,"menu_order":0,"comment_status":"closed","ping_status":"closed","template":"","meta":{"footnotes":""},"class_list":["post-47","page","type-page","status-publish","hentry","no-thumb"],"_links":{"self":[{"href":"https:\/\/serviciossociales.nerja.es\/index.php?rest_route=\/wp\/v2\/pages\/47","targetHints":{"allow":["GET"]}}],"collection":[{"href":"https:\/\/serviciossociales.nerja.es\/index.php?rest_route=\/wp\/v2\/pages"}],"about":[{"href":"https:\/\/serviciossociales.nerja.es\/index.php?rest_route=\/wp\/v2\/types\/page"}],"author":[{"embeddable":true,"href":"https:\/\/serviciossociales.nerja.es\/index.php?rest_route=\/wp\/v2\/users\/1"}],"replies":[{"embeddable":true,"href":"https:\/\/serviciossociales.nerja.es\/index.php?rest_route=%2Fwp%2Fv2%2Fcomments&post=47"}],"version-history":[{"count":6,"href":"https:\/\/serviciossociales.nerja.es\/index.php?rest_route=\/wp\/v2\/pages\/47\/revisions"}],"predecessor-version":[{"id":60,"href":"https:\/\/serviciossociales.nerja.es\/index.php?rest_route=\/wp\/v2\/pages\/47\/revisions\/60"}],"wp:attachment":[{"href":"https:\/\/serviciossociales.nerja.es\/index.php?rest_route=%2Fwp%2Fv2%2Fmedia&parent=47"}],"curies":[{"name":"wp","href":"https:\/\/api.w.org\/{rel}","templated":true}]}}