{"id":26,"date":"2017-07-10T08:58:05","date_gmt":"2017-07-10T08:58:05","guid":{"rendered":"https:\/\/serviciossociales.nerja.es\/?page_id=26"},"modified":"2017-07-10T09:29:14","modified_gmt":"2017-07-10T09:29:14","slug":"legislacion-destacada","status":"publish","type":"page","link":"https:\/\/serviciossociales.nerja.es\/?page_id=26","title":{"rendered":"Legislaci\u00f3n destacada"},"content":{"rendered":"<h3>Legislaci\u00f3n destacada<\/h3>\n<p>&nbsp;<\/p>\n<p><strong>Ley 9\/2016, de 27 de diciembre, de Servicios Sociales de Andaluc\u00eda:<\/strong><\/p>\n<p><a href=\"http:\/\/www.juntadeandalucia.es\/boja\/2016\/248\/1\">http:\/\/www.juntadeandalucia.es\/boja\/2016\/248\/1<\/a><\/p>\n<p>&nbsp;<\/p>\n<p><strong>Ley 2\/1988, de 4 de abril, de Servicios Sociales de Andaluc\u00eda:<\/strong><\/p>\n<p><a href=\"http:\/\/www.juntadeandalucia.es\/boja\/1988\/29\/1\">http:\/\/www.juntadeandalucia.es\/boja\/1988\/29\/1<\/a><\/p>\n<p>&nbsp;<\/p>\n<p><strong>Prestaciones de los Servicios Sociales:<\/strong><\/p>\n<p><a href=\"http:\/\/www.juntadeandalucia.es\/boja\/boletines\/1992\/17\/d\/9.html\">Decreto 11\/1992, de 28 de enero<\/a><\/p>\n<p>&nbsp;<\/p>\n<p><strong>Normativa Ingreso M\u00ednimo Solidaridad:<\/strong><\/p>\n<p><a href=\"http:\/\/www.juntadeandalucia.es\/organismos\/igualdadypoliticassociales\/areas\/inclusion\/paginas\/normativa-ims.html\">http:\/\/www.juntadeandalucia.es\/organismos\/igualdadypoliticassociales\/areas\/inclusion\/paginas\/normativa-ims.html<\/a><\/p>\n<p>&nbsp;<\/p>\n<p><strong>Normativa Centros de Servicios Sociales:<\/strong><\/p>\n<p><a href=\"http:\/\/www.juntadeandalucia.es\/boja\/boletines\/2000\/102\/d\/1.html\">Orden de 28 de julio de 2000, conjunta de las Consejer\u00edas de Presidencia y de Asuntos Sociales, por la que se regulan los requisitos materiales y funcionales de los Servicios y Centros de Servicios Sociales de Andaluc\u00eda y se aprueba el modelo de solicitud de las autorizaciones administrativas.<\/a><\/p>\n<p>&nbsp;<\/p>\n<p><strong>Normativa Discapacidad:<\/strong><\/p>\n<p><a href=\"http:\/\/www.juntadeandalucia.es\/boja\/1999\/45\/3\">Ley 1\/1999, de 31 de marzo, de Atenci\u00f3n a personas con discapacidad<\/a>.<\/p>\n<p>&nbsp;<\/p>\n<p><strong>Normativa Dependencia:<\/strong><\/p>\n<p><a href=\"http:\/\/www.juntadeandalucia.es\/export\/drupaljda\/planmenores_mayo2017.pdf\">I Plan Andaluz de Atenci\u00f3n Integral para personas Menores de seis a\u00f1os en situaci\u00f3n de dependencia o en riesgo de desarrollarla 2017-2020<\/a><\/p>\n<p><a href=\"http:\/\/www.juntadeandalucia.es\/organismos\/igualdadypoliticassociales\/areas\/discapacidad\/planes\/paginas\/plan-andaluz-promocion.html\">I Primer Plan Andaluz de Promoci\u00f3n de la Autonom\u00eda y Prevenci\u00f3n de la Dependencia 2016-2020<\/a><\/p>\n<p><a href=\"http:\/\/www.boe.es\/aeboe\/consultas\/bases_datos\/doc.php?id=BOE-A-2006-21990\">Ley 39\/2006, de 14 de diciembre, de Promoci\u00f3n de la Autonom\u00eda Personal y Atenci\u00f3n a las personas en situaci\u00f3n de dependencia.<\/a><\/p>\n<p>&nbsp;<\/p>\n<p><strong>Normativa Servicio de Ayuda a Domicilio:<\/strong><\/p>\n<p><a href=\"http:\/\/www.juntadeandalucia.es\/export\/drupaljda\/06_27_04_2009.pdf\">Orden de 15 de noviembre de 2007, por la que se regula el Servicio de Ayuda a Domicilio en la Comunidad Aut\u00f3noma de Andaluc\u00eda.<\/a><\/p>\n<p>&nbsp;<\/p>\n<p><strong>Pensiones No Contributivas:<\/strong><\/p>\n<p><a href=\"http:\/\/www.boe.es\/aeboe\/consultas\/bases_datos\/doc.php?id=BOE-A-1991-7270\">Real Decreto 357\/1991, de 15 de marzo, por el que se desarrolla en materia de pensiones no contributivas la Ley 26\/1990, de 20 de diciembre, por la que se establecen en la seguridad social prestaciones no contributivas<\/a><\/p>\n<p>&nbsp;<\/p>\n<p><strong>Normativa Atenci\u00f3n al menor:<\/strong><\/p>\n<p><a href=\"http:\/\/www.juntadeandalucia.es\/boja\/1998\/53\/3\">Ley 1\/1998, de 20 de abril de los derechos y atenci\u00f3n al menor. <\/a><\/p>\n<p>Ley 26\/2015, de 28 de julio, de modificaci\u00f3n del sistema de protecci\u00f3n a la infancia y a la adolescencia: <a href=\"https:\/\/www.boe.es\/buscar\/act.php?id=BOE-A-2015-8470\">https:\/\/www.boe.es\/buscar\/act.php?id=BOE-A-2015-8470<\/a><\/p>\n<p><a href=\"http:\/\/www.juntadeandalucia.es\/boja\/2002\/20\/5\">Decreto 42\/2002, de 12 de febrero, de desamparo, tutela y guarda del menor.<\/a><\/p>\n<p>&nbsp;<\/p>\n<p><strong>Normativa Extranjer\u00eda:<\/strong><\/p>\n<p>Ley Org\u00e1nica 4\/2000, de 11 de enero, sobre derechos y libertades de los extranjeros en Espa\u00f1a y su integraci\u00f3n social:<\/p>\n<p><a href=\"https:\/\/boe.es\/buscar\/act.php?id=BOE-A-2000-544\">https:\/\/boe.es\/buscar\/act.php?id=BOE-A-2000-544<\/a><\/p>\n<p>III Plan Integral para la Inmigraci\u00f3n en Andaluc\u00eda Horizonte 2016:<\/p>\n<p><a href=\"http:\/\/www.juntadeandalucia.es\/export\/drupaljda\/PIPIA_III.pdf\">http:\/\/www.juntadeandalucia.es\/export\/drupaljda\/PIPIA_III.pdf<\/a><\/p>\n","protected":false},"excerpt":{"rendered":"<p>Legislaci\u00f3n destacada &nbsp; Ley 9\/2016, de 27 de diciembre, de Servicios Sociales de Andaluc\u00eda: http:\/\/www.juntadeandalucia.es\/boja\/2016\/248\/1 &nbsp; Ley 2\/1988, de 4 de abril, de Servicios Sociales de Andaluc\u00eda: http:\/\/www.juntadeandalucia.es\/boja\/1988\/29\/1 &nbsp; Prestaciones de los Servicios Sociales: Decreto 11\/1992, de 28 de enero &nbsp; Normativa Ingreso M\u00ednimo Solidaridad: http:\/\/www.juntadeandalucia.es\/organismos\/igualdadypoliticassociales\/areas\/inclusion\/paginas\/normativa-ims.html &nbsp; Normativa Centros de Servicios Sociales: Orden de 28 [&hellip;]<\/p>\n","protected":false},"author":1,"featured_media":0,"parent":0,"menu_order":0,"comment_status":"closed","ping_status":"closed","template":"","meta":{"footnotes":""},"class_list":["post-26","page","type-page","status-publish","hentry","no-thumb"],"_links":{"self":[{"href":"https:\/\/serviciossociales.nerja.es\/index.php?rest_route=\/wp\/v2\/pages\/26","targetHints":{"allow":["GET"]}}],"collection":[{"href":"https:\/\/serviciossociales.nerja.es\/index.php?rest_route=\/wp\/v2\/pages"}],"about":[{"href":"https:\/\/serviciossociales.nerja.es\/index.php?rest_route=\/wp\/v2\/types\/page"}],"author":[{"embeddable":true,"href":"https:\/\/serviciossociales.nerja.es\/index.php?rest_route=\/wp\/v2\/users\/1"}],"replies":[{"embeddable":true,"href":"https:\/\/serviciossociales.nerja.es\/index.php?rest_route=%2Fwp%2Fv2%2Fcomments&post=26"}],"version-history":[{"count":7,"href":"https:\/\/serviciossociales.nerja.es\/index.php?rest_route=\/wp\/v2\/pages\/26\/revisions"}],"predecessor-version":[{"id":41,"href":"https:\/\/serviciossociales.nerja.es\/index.php?rest_route=\/wp\/v2\/pages\/26\/revisions\/41"}],"wp:attachment":[{"href":"https:\/\/serviciossociales.nerja.es\/index.php?rest_route=%2Fwp%2Fv2%2Fmedia&parent=26"}],"curies":[{"name":"wp","href":"https:\/\/api.w.org\/{rel}","templated":true}]}}